{"id":5607,"date":"2024-09-04T19:15:48","date_gmt":"2024-09-04T22:15:48","guid":{"rendered":"https:\/\/ouvidordigital.meuteste.dev.br\/?page_id=5607"},"modified":"2025-12-12T13:35:57","modified_gmt":"2025-12-12T16:35:57","slug":"blog","status":"publish","type":"page","link":"https:\/\/ouvidordigital.com.br\/blog\/","title":{"rendered":"Blog"},"content":{"rendered":"","protected":false},"excerpt":{"rendered":"","protected":false},"author":4,"featured_media":7139,"parent":0,"menu_order":0,"comment_status":"closed","ping_status":"closed","template":"","meta":{"_acf_changed":false,"footnotes":""},"class_list":["post-5607","page","type-page","status-publish","has-post-thumbnail","hentry"],"acf":[],"yoast_head":"<!-- This site is optimized with the Yoast SEO plugin v27.0 - https:\/\/yoast.com\/product\/yoast-seo-wordpress\/ -->\n<title>Blog | Canal de Den\u00fancias, o Blog do Ouvidor Digital<\/title>\n<meta name=\"description\" content=\"Acesse e leia agora o Blog do Ouvidor Digital. Artigos, e-books e textos que te ajudam na administra\u00e7\u00e3o da sua empresa.\" \/>\n<meta name=\"robots\" content=\"index, follow, max-snippet:-1, max-image-preview:large, max-video-preview:-1\" \/>\n<link rel=\"canonical\" href=\"https:\/\/ouvidordigital.com.br\/blog\/\" \/>\n<meta property=\"og:locale\" content=\"pt_BR\" \/>\n<meta property=\"og:type\" content=\"article\" \/>\n<meta property=\"og:title\" content=\"Blog | Canal de Den\u00fancias, o Blog do Ouvidor Digital\" \/>\n<meta property=\"og:description\" content=\"Acesse e leia agora o Blog do Ouvidor Digital. Artigos, e-books e textos que te ajudam na administra\u00e7\u00e3o da sua empresa.\" \/>\n<meta property=\"og:url\" content=\"https:\/\/ouvidordigital.com.br\/blog\/\" \/>\n<meta property=\"og:site_name\" content=\"Canal de Den\u00fancias, o Blog do Ouvidor Digital\" \/>\n<meta property=\"article:publisher\" content=\"https:\/\/www.facebook.com\/ouvidordigital\/\" \/>\n<meta property=\"article:modified_time\" content=\"2025-12-12T16:35:57+00:00\" \/>\n<meta property=\"og:image\" content=\"https:\/\/ouvidordigital.com.br\/blog\/wp-content\/uploads\/2025\/01\/logo_blog_OD_1.png\" \/>\n\t<meta property=\"og:image:width\" content=\"392\" \/>\n\t<meta property=\"og:image:height\" content=\"260\" \/>\n\t<meta property=\"og:image:type\" content=\"image\/png\" \/>\n<meta name=\"twitter:card\" content=\"summary_large_image\" \/>\n<script type=\"application\/ld+json\" class=\"yoast-schema-graph\">{\"@context\":\"https:\/\/schema.org\",\"@graph\":[{\"@type\":\"WebPage\",\"@id\":\"https:\/\/ouvidordigital.com.br\/blog\/\",\"url\":\"https:\/\/ouvidordigital.com.br\/blog\/\",\"name\":\"Blog | Canal de Den\u00fancias, o Blog do Ouvidor Digital\",\"isPartOf\":{\"@id\":\"https:\/\/ouvidordigital.com.br\/blog\/#website\"},\"primaryImageOfPage\":{\"@id\":\"https:\/\/ouvidordigital.com.br\/blog\/#primaryimage\"},\"image\":{\"@id\":\"https:\/\/ouvidordigital.com.br\/blog\/#primaryimage\"},\"thumbnailUrl\":\"https:\/\/ouvidordigital.com.br\/blog\/wp-content\/uploads\/2025\/01\/logo_blog_OD_1.png\",\"datePublished\":\"2024-09-04T22:15:48+00:00\",\"dateModified\":\"2025-12-12T16:35:57+00:00\",\"description\":\"Acesse e leia agora o Blog do Ouvidor Digital. Artigos, e-books e textos que te ajudam na administra\u00e7\u00e3o da sua empresa.\",\"breadcrumb\":{\"@id\":\"https:\/\/ouvidordigital.com.br\/blog\/#breadcrumb\"},\"inLanguage\":\"pt-BR\",\"potentialAction\":[{\"@type\":\"ReadAction\",\"target\":[\"https:\/\/ouvidordigital.com.br\/blog\/\"]}]},{\"@type\":\"ImageObject\",\"inLanguage\":\"pt-BR\",\"@id\":\"https:\/\/ouvidordigital.com.br\/blog\/#primaryimage\",\"url\":\"https:\/\/ouvidordigital.com.br\/blog\/wp-content\/uploads\/2025\/01\/logo_blog_OD_1.png\",\"contentUrl\":\"https:\/\/ouvidordigital.com.br\/blog\/wp-content\/uploads\/2025\/01\/logo_blog_OD_1.png\",\"width\":392,\"height\":260},{\"@type\":\"BreadcrumbList\",\"@id\":\"https:\/\/ouvidordigital.com.br\/blog\/#breadcrumb\",\"itemListElement\":[{\"@type\":\"ListItem\",\"position\":1,\"name\":\"In\u00edcio\",\"item\":\"https:\/\/ouvidordigital.com.br\/blog\/\"},{\"@type\":\"ListItem\",\"position\":2,\"name\":\"Blog\"}]},{\"@type\":\"WebSite\",\"@id\":\"https:\/\/ouvidordigital.com.br\/blog\/#website\",\"url\":\"https:\/\/ouvidordigital.com.br\/blog\/\",\"name\":\"Blog do Ouvidor Digital\",\"description\":\"Fique por dentro das novidades do mercado, aspectos regulat\u00f3rios, al\u00e9m de todos os benef\u00edcios da implementa\u00e7\u00e3o de um Canal de Den\u00fancias.\",\"publisher\":{\"@id\":\"https:\/\/ouvidordigital.com.br\/blog\/#organization\"},\"potentialAction\":[{\"@type\":\"SearchAction\",\"target\":{\"@type\":\"EntryPoint\",\"urlTemplate\":\"https:\/\/ouvidordigital.com.br\/blog\/?s={search_term_string}\"},\"query-input\":{\"@type\":\"PropertyValueSpecification\",\"valueRequired\":true,\"valueName\":\"search_term_string\"}}],\"inLanguage\":\"pt-BR\"},{\"@type\":\"Organization\",\"@id\":\"https:\/\/ouvidordigital.com.br\/blog\/#organization\",\"name\":\"Ouvidor Digital\",\"url\":\"https:\/\/ouvidordigital.com.br\/blog\/\",\"logo\":{\"@type\":\"ImageObject\",\"inLanguage\":\"pt-BR\",\"@id\":\"https:\/\/ouvidordigital.com.br\/blog\/#\/schema\/logo\/image\/\",\"url\":\"https:\/\/ouvidordigital.com.br\/blog\/wp-content\/uploads\/2025\/01\/logo_blog_OD_1.png\",\"contentUrl\":\"https:\/\/ouvidordigital.com.br\/blog\/wp-content\/uploads\/2025\/01\/logo_blog_OD_1.png\",\"width\":392,\"height\":260,\"caption\":\"Ouvidor Digital\"},\"image\":{\"@id\":\"https:\/\/ouvidordigital.com.br\/blog\/#\/schema\/logo\/image\/\"},\"sameAs\":[\"https:\/\/www.facebook.com\/ouvidordigital\/\",\"https:\/\/www.linkedin.com\/company\/ouvidor-digital\"]}]}<\/script>\n<!-- \/ Yoast SEO plugin. -->","yoast_head_json":{"title":"Blog | Canal de Den\u00fancias, o Blog do Ouvidor Digital","description":"Acesse e leia agora o Blog do Ouvidor Digital. Artigos, e-books e textos que te ajudam na administra\u00e7\u00e3o da sua empresa.","robots":{"index":"index","follow":"follow","max-snippet":"max-snippet:-1","max-image-preview":"max-image-preview:large","max-video-preview":"max-video-preview:-1"},"canonical":"https:\/\/ouvidordigital.com.br\/blog\/","og_locale":"pt_BR","og_type":"article","og_title":"Blog | Canal de Den\u00fancias, o Blog do Ouvidor Digital","og_description":"Acesse e leia agora o Blog do Ouvidor Digital. Artigos, e-books e textos que te ajudam na administra\u00e7\u00e3o da sua empresa.","og_url":"https:\/\/ouvidordigital.com.br\/blog\/","og_site_name":"Canal de Den\u00fancias, o Blog do Ouvidor Digital","article_publisher":"https:\/\/www.facebook.com\/ouvidordigital\/","article_modified_time":"2025-12-12T16:35:57+00:00","og_image":[{"width":392,"height":260,"url":"https:\/\/ouvidordigital.com.br\/blog\/wp-content\/uploads\/2025\/01\/logo_blog_OD_1.png","type":"image\/png"}],"twitter_card":"summary_large_image","schema":{"@context":"https:\/\/schema.org","@graph":[{"@type":"WebPage","@id":"https:\/\/ouvidordigital.com.br\/blog\/","url":"https:\/\/ouvidordigital.com.br\/blog\/","name":"Blog | Canal de Den\u00fancias, o Blog do Ouvidor Digital","isPartOf":{"@id":"https:\/\/ouvidordigital.com.br\/blog\/#website"},"primaryImageOfPage":{"@id":"https:\/\/ouvidordigital.com.br\/blog\/#primaryimage"},"image":{"@id":"https:\/\/ouvidordigital.com.br\/blog\/#primaryimage"},"thumbnailUrl":"https:\/\/ouvidordigital.com.br\/blog\/wp-content\/uploads\/2025\/01\/logo_blog_OD_1.png","datePublished":"2024-09-04T22:15:48+00:00","dateModified":"2025-12-12T16:35:57+00:00","description":"Acesse e leia agora o Blog do Ouvidor Digital. Artigos, e-books e textos que te ajudam na administra\u00e7\u00e3o da sua empresa.","breadcrumb":{"@id":"https:\/\/ouvidordigital.com.br\/blog\/#breadcrumb"},"inLanguage":"pt-BR","potentialAction":[{"@type":"ReadAction","target":["https:\/\/ouvidordigital.com.br\/blog\/"]}]},{"@type":"ImageObject","inLanguage":"pt-BR","@id":"https:\/\/ouvidordigital.com.br\/blog\/#primaryimage","url":"https:\/\/ouvidordigital.com.br\/blog\/wp-content\/uploads\/2025\/01\/logo_blog_OD_1.png","contentUrl":"https:\/\/ouvidordigital.com.br\/blog\/wp-content\/uploads\/2025\/01\/logo_blog_OD_1.png","width":392,"height":260},{"@type":"BreadcrumbList","@id":"https:\/\/ouvidordigital.com.br\/blog\/#breadcrumb","itemListElement":[{"@type":"ListItem","position":1,"name":"In\u00edcio","item":"https:\/\/ouvidordigital.com.br\/blog\/"},{"@type":"ListItem","position":2,"name":"Blog"}]},{"@type":"WebSite","@id":"https:\/\/ouvidordigital.com.br\/blog\/#website","url":"https:\/\/ouvidordigital.com.br\/blog\/","name":"Blog do Ouvidor Digital","description":"Fique por dentro das novidades do mercado, aspectos regulat\u00f3rios, al\u00e9m de todos os benef\u00edcios da implementa\u00e7\u00e3o de um Canal de Den\u00fancias.","publisher":{"@id":"https:\/\/ouvidordigital.com.br\/blog\/#organization"},"potentialAction":[{"@type":"SearchAction","target":{"@type":"EntryPoint","urlTemplate":"https:\/\/ouvidordigital.com.br\/blog\/?s={search_term_string}"},"query-input":{"@type":"PropertyValueSpecification","valueRequired":true,"valueName":"search_term_string"}}],"inLanguage":"pt-BR"},{"@type":"Organization","@id":"https:\/\/ouvidordigital.com.br\/blog\/#organization","name":"Ouvidor Digital","url":"https:\/\/ouvidordigital.com.br\/blog\/","logo":{"@type":"ImageObject","inLanguage":"pt-BR","@id":"https:\/\/ouvidordigital.com.br\/blog\/#\/schema\/logo\/image\/","url":"https:\/\/ouvidordigital.com.br\/blog\/wp-content\/uploads\/2025\/01\/logo_blog_OD_1.png","contentUrl":"https:\/\/ouvidordigital.com.br\/blog\/wp-content\/uploads\/2025\/01\/logo_blog_OD_1.png","width":392,"height":260,"caption":"Ouvidor Digital"},"image":{"@id":"https:\/\/ouvidordigital.com.br\/blog\/#\/schema\/logo\/image\/"},"sameAs":["https:\/\/www.facebook.com\/ouvidordigital\/","https:\/\/www.linkedin.com\/company\/ouvidor-digital"]}]}},"_links":{"self":[{"href":"https:\/\/ouvidordigital.com.br\/blog\/wp-json\/wp\/v2\/pages\/5607","targetHints":{"allow":["GET"]}}],"collection":[{"href":"https:\/\/ouvidordigital.com.br\/blog\/wp-json\/wp\/v2\/pages"}],"about":[{"href":"https:\/\/ouvidordigital.com.br\/blog\/wp-json\/wp\/v2\/types\/page"}],"author":[{"embeddable":true,"href":"https:\/\/ouvidordigital.com.br\/blog\/wp-json\/wp\/v2\/users\/4"}],"replies":[{"embeddable":true,"href":"https:\/\/ouvidordigital.com.br\/blog\/wp-json\/wp\/v2\/comments?post=5607"}],"version-history":[{"count":1,"href":"https:\/\/ouvidordigital.com.br\/blog\/wp-json\/wp\/v2\/pages\/5607\/revisions"}],"predecessor-version":[{"id":7900,"href":"https:\/\/ouvidordigital.com.br\/blog\/wp-json\/wp\/v2\/pages\/5607\/revisions\/7900"}],"wp:featuredmedia":[{"embeddable":true,"href":"https:\/\/ouvidordigital.com.br\/blog\/wp-json\/wp\/v2\/media\/7139"}],"wp:attachment":[{"href":"https:\/\/ouvidordigital.com.br\/blog\/wp-json\/wp\/v2\/media?parent=5607"}],"curies":[{"name":"wp","href":"https:\/\/api.w.org\/{rel}","templated":true}]}}